{"id":24,"date":"2023-01-31T03:08:27","date_gmt":"2023-01-31T03:08:27","guid":{"rendered":"https:\/\/pincelitos.co\/?page_id=24"},"modified":"2025-11-04T02:21:22","modified_gmt":"2025-11-04T02:21:22","slug":"nosotros","status":"publish","type":"page","link":"https:\/\/pincelitos.co\/index.php\/nosotros\/","title":{"rendered":"Nosotros"},"content":{"rendered":"\t\t<div data-elementor-type=\"wp-page\" data-elementor-id=\"24\" class=\"elementor elementor-24\">\n\t\t\t\t\t\t<section class=\"elementor-section elementor-top-section elementor-element elementor-element-951af5a elementor-section-content-middle elementor-section-boxed elementor-section-height-default elementor-section-height-default\" data-id=\"951af5a\" data-element_type=\"section\">\n\t\t\t\t\t\t<div class=\"elementor-container elementor-column-gap-default\">\n\t\t\t\t\t<div class=\"elementor-column elementor-col-50 elementor-top-column elementor-element elementor-element-233566b\" data-id=\"233566b\" data-element_type=\"column\">\n\t\t\t<div class=\"elementor-widget-wrap elementor-element-populated\">\n\t\t\t\t\t\t<div class=\"elementor-element elementor-element-b9fc367 elementor-widget elementor-widget-heading\" data-id=\"b9fc367\" data-element_type=\"widget\" data-widget_type=\"heading.default\">\n\t\t\t\t<div class=\"elementor-widget-container\">\n\t\t\t\t\t<h2 class=\"elementor-heading-title elementor-size-default\">Misi\u00f3n<\/h2>\t\t\t\t<\/div>\n\t\t\t\t<\/div>\n\t\t\t\t<div class=\"elementor-element elementor-element-8e91b82 elementor-widget elementor-widget-text-editor\" data-id=\"8e91b82\" data-element_type=\"widget\" data-widget_type=\"text-editor.default\">\n\t\t\t\t<div class=\"elementor-widget-container\">\n\t\t\t\t\t\t\t\t\t<p class=\"_04xlpA direction-ltr align-justify para-style-body\"><span class=\"WdYUQQ text-decoration-none text-strikethrough-none\">Brindar una educaci\u00f3n inicial basada en un enfoque cristiano de aprendizaje significativo, con estrategias basadas en investigaci\u00f3n, creaci\u00f3n, pensamiento l\u00f3gico y critico por medio de sus potenciales y destrezas.<\/span><\/p><p class=\"_04xlpA direction-ltr align-justify para-style-body\"><span class=\"WdYUQQ text-decoration-none text-strikethrough-none\">Es nuestra misi\u00f3n que sean ni\u00f1os y ni\u00f1as felices, que aprendan de una manera diferente y puedan ense\u00f1ar a otros sus capacidades.<\/span><\/p><p>\u00a0<\/p>\t\t\t\t\t\t\t\t<\/div>\n\t\t\t\t<\/div>\n\t\t\t\t\t<\/div>\n\t\t<\/div>\n\t\t\t\t<div class=\"elementor-column elementor-col-50 elementor-top-column elementor-element elementor-element-bf314f0\" data-id=\"bf314f0\" data-element_type=\"column\">\n\t\t\t<div class=\"elementor-widget-wrap elementor-element-populated\">\n\t\t\t\t\t\t<div class=\"elementor-element elementor-element-7015ecd elementor-widget elementor-widget-image\" data-id=\"7015ecd\" data-element_type=\"widget\" data-widget_type=\"image.default\">\n\t\t\t\t<div class=\"elementor-widget-container\">\n\t\t\t\t\t\t\t\t\t\t\t\t\t\t\t<img fetchpriority=\"high\" decoding=\"async\" width=\"800\" height=\"800\" src=\"https:\/\/pincelitos.co\/wp-content\/uploads\/2023\/02\/Mision.png\" class=\"attachment-large size-large wp-image-387\" alt=\"\" srcset=\"https:\/\/pincelitos.co\/wp-content\/uploads\/2023\/02\/Mision.png 800w, https:\/\/pincelitos.co\/wp-content\/uploads\/2023\/02\/Mision-300x300.png 300w, https:\/\/pincelitos.co\/wp-content\/uploads\/2023\/02\/Mision-150x150.png 150w, https:\/\/pincelitos.co\/wp-content\/uploads\/2023\/02\/Mision-768x768.png 768w\" sizes=\"(max-width: 800px) 100vw, 800px\" \/>\t\t\t\t\t\t\t\t\t\t\t\t\t\t\t<\/div>\n\t\t\t\t<\/div>\n\t\t\t\t\t<\/div>\n\t\t<\/div>\n\t\t\t\t\t<\/div>\n\t\t<\/section>\n\t\t\t\t<section class=\"elementor-section elementor-top-section elementor-element elementor-element-7963c82 elementor-section-content-middle elementor-section-boxed elementor-section-height-default elementor-section-height-default\" data-id=\"7963c82\" data-element_type=\"section\">\n\t\t\t\t\t\t<div class=\"elementor-container elementor-column-gap-default\">\n\t\t\t\t\t<div class=\"elementor-column elementor-col-50 elementor-top-column elementor-element elementor-element-cdd0d45\" data-id=\"cdd0d45\" data-element_type=\"column\">\n\t\t\t<div class=\"elementor-widget-wrap elementor-element-populated\">\n\t\t\t\t\t\t<div class=\"elementor-element elementor-element-96df2d0 elementor-widget elementor-widget-image\" data-id=\"96df2d0\" data-element_type=\"widget\" data-widget_type=\"image.default\">\n\t\t\t\t<div class=\"elementor-widget-container\">\n\t\t\t\t\t\t\t\t\t\t\t\t\t\t\t<img decoding=\"async\" width=\"800\" height=\"800\" src=\"https:\/\/pincelitos.co\/wp-content\/uploads\/2023\/02\/Vision.png\" class=\"attachment-large size-large wp-image-389\" alt=\"\" srcset=\"https:\/\/pincelitos.co\/wp-content\/uploads\/2023\/02\/Vision.png 800w, https:\/\/pincelitos.co\/wp-content\/uploads\/2023\/02\/Vision-300x300.png 300w, https:\/\/pincelitos.co\/wp-content\/uploads\/2023\/02\/Vision-150x150.png 150w, https:\/\/pincelitos.co\/wp-content\/uploads\/2023\/02\/Vision-768x768.png 768w\" sizes=\"(max-width: 800px) 100vw, 800px\" \/>\t\t\t\t\t\t\t\t\t\t\t\t\t\t\t<\/div>\n\t\t\t\t<\/div>\n\t\t\t\t\t<\/div>\n\t\t<\/div>\n\t\t\t\t<div class=\"elementor-column elementor-col-50 elementor-top-column elementor-element elementor-element-730cd22\" data-id=\"730cd22\" data-element_type=\"column\">\n\t\t\t<div class=\"elementor-widget-wrap elementor-element-populated\">\n\t\t\t\t\t\t<div class=\"elementor-element elementor-element-3dbfb46 elementor-widget elementor-widget-heading\" data-id=\"3dbfb46\" data-element_type=\"widget\" data-widget_type=\"heading.default\">\n\t\t\t\t<div class=\"elementor-widget-container\">\n\t\t\t\t\t<h2 class=\"elementor-heading-title elementor-size-default\">Visi\u00f3n<\/h2>\t\t\t\t<\/div>\n\t\t\t\t<\/div>\n\t\t\t\t<div class=\"elementor-element elementor-element-da92012 elementor-widget elementor-widget-text-editor\" data-id=\"da92012\" data-element_type=\"widget\" data-widget_type=\"text-editor.default\">\n\t\t\t\t<div class=\"elementor-widget-container\">\n\t\t\t\t\t\t\t\t\t<p class=\"_04xlpA direction-ltr align-justify para-style-body\"><span class=\"WdYUQQ text-decoration-none text-strikethrough-none\">Pincelitos ser\u00e1 reconocido como un Jard\u00edn que promueve el arte, el pensamiento critico e investigativo en los ni\u00f1os a trav\u00e9s de la interacci\u00f3n con el medio que los rodea, con el fin de formar seres humanos competentes que aporten nuevos conocimientos a la sociedad.<\/span><\/p>\n<p class=\"_04xlpA direction-ltr align-justify para-style-body\"><span class=\"WdYUQQ text-decoration-none text-strikethrough-none\">Formar seres humanos con valores cristianos integrales, cr\u00edticos y solidarios con su medio.<\/span><\/p>\t\t\t\t\t\t\t\t<\/div>\n\t\t\t\t<\/div>\n\t\t\t\t\t<\/div>\n\t\t<\/div>\n\t\t\t\t\t<\/div>\n\t\t<\/section>\n\t\t\t\t<section class=\"elementor-section elementor-top-section elementor-element elementor-element-a75d74c elementor-section-boxed elementor-section-height-default elementor-section-height-default\" data-id=\"a75d74c\" data-element_type=\"section\">\n\t\t\t\t\t\t<div class=\"elementor-container elementor-column-gap-default\">\n\t\t\t\t\t<div class=\"elementor-column elementor-col-100 elementor-top-column elementor-element elementor-element-13fc38f\" data-id=\"13fc38f\" data-element_type=\"column\">\n\t\t\t<div class=\"elementor-widget-wrap elementor-element-populated\">\n\t\t\t\t\t\t<div class=\"elementor-element elementor-element-c019885 elementor-widget-divider--view-line elementor-widget elementor-widget-divider\" data-id=\"c019885\" data-element_type=\"widget\" data-widget_type=\"divider.default\">\n\t\t\t\t<div class=\"elementor-widget-container\">\n\t\t\t\t\t\t\t<div class=\"elementor-divider\">\n\t\t\t<span class=\"elementor-divider-separator\">\n\t\t\t\t\t\t<\/span>\n\t\t<\/div>\n\t\t\t\t\t\t<\/div>\n\t\t\t\t<\/div>\n\t\t\t\t<div class=\"elementor-element elementor-element-c545508 elementor-widget elementor-widget-heading\" data-id=\"c545508\" data-element_type=\"widget\" data-widget_type=\"heading.default\">\n\t\t\t\t<div class=\"elementor-widget-container\">\n\t\t\t\t\t<h2 class=\"elementor-heading-title elementor-size-default\">En Pincelitos<\/h2>\t\t\t\t<\/div>\n\t\t\t\t<\/div>\n\t\t\t\t<div class=\"elementor-element elementor-element-cd60018 elementor-widget elementor-widget-text-editor\" data-id=\"cd60018\" data-element_type=\"widget\" data-widget_type=\"text-editor.default\">\n\t\t\t\t<div class=\"elementor-widget-container\">\n\t\t\t\t\t\t\t\t\t<p>Aplicamos una metodolog\u00eda constructivista con la que los ni\u00f1os y ni\u00f1as construyan conocimientos por medio de sus propias capacidades, el JARDIN brinda apoyo en ese proceso a trav\u00e9s del juego, el baile, la m\u00fasica, las manualidades, el ingl\u00e9s, como estrategias pedag\u00f3gicas.<\/p>\t\t\t\t\t\t\t\t<\/div>\n\t\t\t\t<\/div>\n\t\t\t\t\t<\/div>\n\t\t<\/div>\n\t\t\t\t\t<\/div>\n\t\t<\/section>\n\t\t\t\t<\/div>\n\t\t","protected":false},"excerpt":{"rendered":"<p>Misi\u00f3n Brindar una educaci\u00f3n inicial basada en un enfoque cristiano de aprendizaje significativo, con estrategias basadas en investigaci\u00f3n, creaci\u00f3n, pensamiento l\u00f3gico y critico por medio de sus potenciales y destrezas. Es nuestra misi\u00f3n que sean ni\u00f1os y ni\u00f1as felices, que aprendan de una manera diferente y puedan ense\u00f1ar a otros sus capacidades. \u00a0 Visi\u00f3n Pincelitos [&hellip;]<\/p>\n","protected":false},"author":1,"featured_media":0,"parent":0,"menu_order":0,"comment_status":"closed","ping_status":"closed","template":"elementor_header_footer","meta":{"footnotes":""},"class_list":["post-24","page","type-page","status-publish","hentry"],"_links":{"self":[{"href":"https:\/\/pincelitos.co\/index.php\/wp-json\/wp\/v2\/pages\/24","targetHints":{"allow":["GET"]}}],"collection":[{"href":"https:\/\/pincelitos.co\/index.php\/wp-json\/wp\/v2\/pages"}],"about":[{"href":"https:\/\/pincelitos.co\/index.php\/wp-json\/wp\/v2\/types\/page"}],"author":[{"embeddable":true,"href":"https:\/\/pincelitos.co\/index.php\/wp-json\/wp\/v2\/users\/1"}],"replies":[{"embeddable":true,"href":"https:\/\/pincelitos.co\/index.php\/wp-json\/wp\/v2\/comments?post=24"}],"version-history":[{"count":55,"href":"https:\/\/pincelitos.co\/index.php\/wp-json\/wp\/v2\/pages\/24\/revisions"}],"predecessor-version":[{"id":1125,"href":"https:\/\/pincelitos.co\/index.php\/wp-json\/wp\/v2\/pages\/24\/revisions\/1125"}],"wp:attachment":[{"href":"https:\/\/pincelitos.co\/index.php\/wp-json\/wp\/v2\/media?parent=24"}],"curies":[{"name":"wp","href":"https:\/\/api.w.org\/{rel}","templated":true}]}}