{"id":205,"date":"2023-02-01T18:48:05","date_gmt":"2023-02-01T18:48:05","guid":{"rendered":"https:\/\/pincelitos.co\/?page_id=205"},"modified":"2023-02-02T19:03:57","modified_gmt":"2023-02-02T19:03:57","slug":"exploradores","status":"publish","type":"page","link":"https:\/\/pincelitos.co\/index.php\/exploradores\/","title":{"rendered":"Exploradores"},"content":{"rendered":"\t\t<div data-elementor-type=\"wp-page\" data-elementor-id=\"205\" class=\"elementor elementor-205\">\n\t\t\t\t\t\t<section class=\"elementor-section elementor-top-section elementor-element elementor-element-815bd0c elementor-section-content-middle elementor-section-boxed elementor-section-height-default elementor-section-height-default\" data-id=\"815bd0c\" data-element_type=\"section\">\n\t\t\t\t\t\t<div class=\"elementor-container elementor-column-gap-default\">\n\t\t\t\t\t<div class=\"elementor-column elementor-col-50 elementor-top-column elementor-element elementor-element-4dfbf4b\" data-id=\"4dfbf4b\" data-element_type=\"column\">\n\t\t\t<div class=\"elementor-widget-wrap elementor-element-populated\">\n\t\t\t\t\t\t<div class=\"elementor-element elementor-element-5f2bc90 elementor-widget elementor-widget-image\" data-id=\"5f2bc90\" data-element_type=\"widget\" data-widget_type=\"image.default\">\n\t\t\t\t<div class=\"elementor-widget-container\">\n\t\t\t\t\t\t\t\t\t\t\t\t\t\t\t<img fetchpriority=\"high\" decoding=\"async\" width=\"800\" height=\"800\" src=\"https:\/\/pincelitos.co\/wp-content\/uploads\/2023\/02\/Exploradores.png\" class=\"attachment-large size-large wp-image-397\" alt=\"\" srcset=\"https:\/\/pincelitos.co\/wp-content\/uploads\/2023\/02\/Exploradores.png 800w, https:\/\/pincelitos.co\/wp-content\/uploads\/2023\/02\/Exploradores-300x300.png 300w, https:\/\/pincelitos.co\/wp-content\/uploads\/2023\/02\/Exploradores-150x150.png 150w, https:\/\/pincelitos.co\/wp-content\/uploads\/2023\/02\/Exploradores-768x768.png 768w\" sizes=\"(max-width: 800px) 100vw, 800px\" \/>\t\t\t\t\t\t\t\t\t\t\t\t\t\t\t<\/div>\n\t\t\t\t<\/div>\n\t\t\t\t\t<\/div>\n\t\t<\/div>\n\t\t\t\t<div class=\"elementor-column elementor-col-50 elementor-top-column elementor-element elementor-element-9cf22d8\" data-id=\"9cf22d8\" data-element_type=\"column\">\n\t\t\t<div class=\"elementor-widget-wrap elementor-element-populated\">\n\t\t\t\t\t\t<div class=\"elementor-element elementor-element-901fec0 elementor-widget elementor-widget-heading\" data-id=\"901fec0\" data-element_type=\"widget\" data-widget_type=\"heading.default\">\n\t\t\t\t<div class=\"elementor-widget-container\">\n\t\t\t\t\t<h2 class=\"elementor-heading-title elementor-size-default\">Exploradores<\/h2>\t\t\t\t<\/div>\n\t\t\t\t<\/div>\n\t\t\t\t<div class=\"elementor-element elementor-element-9785911 elementor-widget elementor-widget-text-editor\" data-id=\"9785911\" data-element_type=\"widget\" data-widget_type=\"text-editor.default\">\n\t\t\t\t<div class=\"elementor-widget-container\">\n\t\t\t\t\t\t\t\t\t<p>Su dimensi\u00f3n social mucho m\u00e1s elaborada, les permite tener amigos y amigas, reconocer el valor de la amistad, del compartir, de dialogar y resolver problemas propios de su edad.<br \/>La dimensi\u00f3n comunicativa les permite contar experiencias del pasado, presente y lo que desean en el futuro, manejan buena dicci\u00f3n y son coherentes con su l\u00e9xico, aprenden con facilidad nuevas palabras a diario.<br \/>Su dimensi\u00f3n cognitiva es sorprendente, aprenden con facilidad, a veces casi por ellos mismos, desarrollan y solucionan problemas de l\u00f3gica matem\u00e1tica con facilidad, se caracterizan por memorizar con mayor facilidad, se les facilita seguir instrucciones.<br \/>El JAPIN apoyara su proceso de ense\u00f1anza \u2013 aprendizaje a trav\u00e9s de m\u00e9todos de lectura y escritura, actividades de desarrollo psicomotor y de equilibrio, estrategias de pensamiento l\u00f3gico \u2013 critico.<\/p>\t\t\t\t\t\t\t\t<\/div>\n\t\t\t\t<\/div>\n\t\t\t\t\t<\/div>\n\t\t<\/div>\n\t\t\t\t\t<\/div>\n\t\t<\/section>\n\t\t\t\t<section class=\"elementor-section elementor-top-section elementor-element elementor-element-9174081 elementor-section-boxed elementor-section-height-default elementor-section-height-default\" data-id=\"9174081\" data-element_type=\"section\" data-settings=\"{&quot;background_background&quot;:&quot;classic&quot;}\">\n\t\t\t\t\t\t<div class=\"elementor-container elementor-column-gap-default\">\n\t\t\t\t\t<div class=\"elementor-column elementor-col-100 elementor-top-column elementor-element elementor-element-bb58b9a\" data-id=\"bb58b9a\" data-element_type=\"column\">\n\t\t\t<div class=\"elementor-widget-wrap elementor-element-populated\">\n\t\t\t\t\t\t<div class=\"elementor-element elementor-element-e6c8879 elementor-widget elementor-widget-text-editor\" data-id=\"e6c8879\" data-element_type=\"widget\" data-widget_type=\"text-editor.default\">\n\t\t\t\t<div class=\"elementor-widget-container\">\n\t\t\t\t\t\t\t\t\t<p>Son exploradores por que descubren habilidades y destrezas que no sab\u00edan que ten\u00edan y son la promoci\u00f3n se saldr\u00e1 a continuar su proceso de b\u00e1sica primaria.<\/p>\t\t\t\t\t\t\t\t<\/div>\n\t\t\t\t<\/div>\n\t\t\t\t\t<\/div>\n\t\t<\/div>\n\t\t\t\t\t<\/div>\n\t\t<\/section>\n\t\t\t\t<\/div>\n\t\t","protected":false},"excerpt":{"rendered":"<p>Exploradores Su dimensi\u00f3n social mucho m\u00e1s elaborada, les permite tener amigos y amigas, reconocer el valor de la amistad, del compartir, de dialogar y resolver problemas propios de su edad.La dimensi\u00f3n comunicativa les permite contar experiencias del pasado, presente y lo que desean en el futuro, manejan buena dicci\u00f3n y son coherentes con su l\u00e9xico, [&hellip;]<\/p>\n","protected":false},"author":1,"featured_media":0,"parent":0,"menu_order":0,"comment_status":"closed","ping_status":"closed","template":"elementor_header_footer","meta":{"footnotes":""},"class_list":["post-205","page","type-page","status-publish","hentry"],"_links":{"self":[{"href":"https:\/\/pincelitos.co\/index.php\/wp-json\/wp\/v2\/pages\/205","targetHints":{"allow":["GET"]}}],"collection":[{"href":"https:\/\/pincelitos.co\/index.php\/wp-json\/wp\/v2\/pages"}],"about":[{"href":"https:\/\/pincelitos.co\/index.php\/wp-json\/wp\/v2\/types\/page"}],"author":[{"embeddable":true,"href":"https:\/\/pincelitos.co\/index.php\/wp-json\/wp\/v2\/users\/1"}],"replies":[{"embeddable":true,"href":"https:\/\/pincelitos.co\/index.php\/wp-json\/wp\/v2\/comments?post=205"}],"version-history":[{"count":16,"href":"https:\/\/pincelitos.co\/index.php\/wp-json\/wp\/v2\/pages\/205\/revisions"}],"predecessor-version":[{"id":400,"href":"https:\/\/pincelitos.co\/index.php\/wp-json\/wp\/v2\/pages\/205\/revisions\/400"}],"wp:attachment":[{"href":"https:\/\/pincelitos.co\/index.php\/wp-json\/wp\/v2\/media?parent=205"}],"curies":[{"name":"wp","href":"https:\/\/api.w.org\/{rel}","templated":true}]}}