{"id":200,"date":"2023-02-01T18:46:05","date_gmt":"2023-02-01T18:46:05","guid":{"rendered":"https:\/\/pincelitos.co\/?page_id=200"},"modified":"2023-02-02T19:10:16","modified_gmt":"2023-02-02T19:10:16","slug":"retadores","status":"publish","type":"page","link":"https:\/\/pincelitos.co\/index.php\/retadores\/","title":{"rendered":"Retadores"},"content":{"rendered":"\t\t<div data-elementor-type=\"wp-page\" data-elementor-id=\"200\" class=\"elementor elementor-200\">\n\t\t\t\t\t\t<section class=\"elementor-section elementor-top-section elementor-element elementor-element-815bd0c elementor-section-content-middle elementor-section-boxed elementor-section-height-default elementor-section-height-default\" data-id=\"815bd0c\" data-element_type=\"section\">\n\t\t\t\t\t\t<div class=\"elementor-container elementor-column-gap-default\">\n\t\t\t\t\t<div class=\"elementor-column elementor-col-50 elementor-top-column elementor-element elementor-element-4dfbf4b\" data-id=\"4dfbf4b\" data-element_type=\"column\">\n\t\t\t<div class=\"elementor-widget-wrap elementor-element-populated\">\n\t\t\t\t\t\t<div class=\"elementor-element elementor-element-5f2bc90 elementor-widget elementor-widget-image\" data-id=\"5f2bc90\" data-element_type=\"widget\" data-widget_type=\"image.default\">\n\t\t\t\t<div class=\"elementor-widget-container\">\n\t\t\t\t\t\t\t\t\t\t\t\t\t\t\t<img fetchpriority=\"high\" decoding=\"async\" width=\"800\" height=\"800\" src=\"https:\/\/pincelitos.co\/wp-content\/uploads\/2023\/02\/Retadores.png\" class=\"attachment-large size-large wp-image-411\" alt=\"\" srcset=\"https:\/\/pincelitos.co\/wp-content\/uploads\/2023\/02\/Retadores.png 800w, https:\/\/pincelitos.co\/wp-content\/uploads\/2023\/02\/Retadores-300x300.png 300w, https:\/\/pincelitos.co\/wp-content\/uploads\/2023\/02\/Retadores-150x150.png 150w, https:\/\/pincelitos.co\/wp-content\/uploads\/2023\/02\/Retadores-768x768.png 768w\" sizes=\"(max-width: 800px) 100vw, 800px\" \/>\t\t\t\t\t\t\t\t\t\t\t\t\t\t\t<\/div>\n\t\t\t\t<\/div>\n\t\t\t\t\t<\/div>\n\t\t<\/div>\n\t\t\t\t<div class=\"elementor-column elementor-col-50 elementor-top-column elementor-element elementor-element-9cf22d8\" data-id=\"9cf22d8\" data-element_type=\"column\">\n\t\t\t<div class=\"elementor-widget-wrap elementor-element-populated\">\n\t\t\t\t\t\t<div class=\"elementor-element elementor-element-2c9d7c6 elementor-widget elementor-widget-heading\" data-id=\"2c9d7c6\" data-element_type=\"widget\" data-widget_type=\"heading.default\">\n\t\t\t\t<div class=\"elementor-widget-container\">\n\t\t\t\t\t<h2 class=\"elementor-heading-title elementor-size-default\">Retadores<\/h2>\t\t\t\t<\/div>\n\t\t\t\t<\/div>\n\t\t\t\t<div class=\"elementor-element elementor-element-9785911 elementor-widget elementor-widget-text-editor\" data-id=\"9785911\" data-element_type=\"widget\" data-widget_type=\"text-editor.default\">\n\t\t\t\t<div class=\"elementor-widget-container\">\n\t\t\t\t\t\t\t\t\t<p>En este nivel los ni\u00f1os poseen una madurez neurol\u00f3gica y social, que les permite sostener di\u00e1logos m\u00e1s entiquecidos, y as\u00ed vez habilidades sociales m\u00e1s cimentadas en el compartir, en contar historias y experiencias que han vivido.<\/p>\n<p>A nivel cognitivo est\u00e1n listos para absorber y poner en pr\u00e1ctica conocimientos, retienen informaci\u00f3n con m\u00e1s facilidad e interiorizan lo aprendido a diario, siempre est\u00e1n dispuestos a jugar, a pintar, y desarrollar las actividades pedag\u00f3gicas.<\/p>\n<p>En el JAPIN se trabajar\u00e1 con ellos a partir de sus habilidades, se centrar\u00e1 en el seguimiento de instrucciones y el acatar normas para el buen desarrollo de las capacidades.<\/p>\n<p>A trav\u00e9s de varios rincones y proyectos se desarrollar\u00e1n las tem\u00e1ticas propuestas siempre en pro del desarrollo de la habilidad de pensamiento l\u00f3gico y cr\u00edtico.<\/p>\t\t\t\t\t\t\t\t<\/div>\n\t\t\t\t<\/div>\n\t\t\t\t\t<\/div>\n\t\t<\/div>\n\t\t\t\t\t<\/div>\n\t\t<\/section>\n\t\t\t\t<section class=\"elementor-section elementor-top-section elementor-element elementor-element-f882146 elementor-section-boxed elementor-section-height-default elementor-section-height-default\" data-id=\"f882146\" data-element_type=\"section\" data-settings=\"{&quot;background_background&quot;:&quot;classic&quot;}\">\n\t\t\t\t\t\t<div class=\"elementor-container elementor-column-gap-default\">\n\t\t\t\t\t<div class=\"elementor-column elementor-col-100 elementor-top-column elementor-element elementor-element-6194f45\" data-id=\"6194f45\" data-element_type=\"column\">\n\t\t\t<div class=\"elementor-widget-wrap elementor-element-populated\">\n\t\t\t\t\t\t<div class=\"elementor-element elementor-element-accf6e6 elementor-widget elementor-widget-text-editor\" data-id=\"accf6e6\" data-element_type=\"widget\" data-widget_type=\"text-editor.default\">\n\t\t\t\t<div class=\"elementor-widget-container\">\n\t\t\t\t\t\t\t\t\t<p>Este nivel se llama RETADORES, por todos los desaf\u00edos que tienen que ir desarrollando en el trascurso del a\u00f1o.<\/p>\t\t\t\t\t\t\t\t<\/div>\n\t\t\t\t<\/div>\n\t\t\t\t\t<\/div>\n\t\t<\/div>\n\t\t\t\t\t<\/div>\n\t\t<\/section>\n\t\t\t\t<\/div>\n\t\t","protected":false},"excerpt":{"rendered":"<p>Retadores En este nivel los ni\u00f1os poseen una madurez neurol\u00f3gica y social, que les permite sostener di\u00e1logos m\u00e1s entiquecidos, y as\u00ed vez habilidades sociales m\u00e1s cimentadas en el compartir, en contar historias y experiencias que han vivido. A nivel cognitivo est\u00e1n listos para absorber y poner en pr\u00e1ctica conocimientos, retienen informaci\u00f3n con m\u00e1s facilidad e [&hellip;]<\/p>\n","protected":false},"author":1,"featured_media":0,"parent":0,"menu_order":0,"comment_status":"closed","ping_status":"closed","template":"elementor_header_footer","meta":{"footnotes":""},"class_list":["post-200","page","type-page","status-publish","hentry"],"_links":{"self":[{"href":"https:\/\/pincelitos.co\/index.php\/wp-json\/wp\/v2\/pages\/200","targetHints":{"allow":["GET"]}}],"collection":[{"href":"https:\/\/pincelitos.co\/index.php\/wp-json\/wp\/v2\/pages"}],"about":[{"href":"https:\/\/pincelitos.co\/index.php\/wp-json\/wp\/v2\/types\/page"}],"author":[{"embeddable":true,"href":"https:\/\/pincelitos.co\/index.php\/wp-json\/wp\/v2\/users\/1"}],"replies":[{"embeddable":true,"href":"https:\/\/pincelitos.co\/index.php\/wp-json\/wp\/v2\/comments?post=200"}],"version-history":[{"count":13,"href":"https:\/\/pincelitos.co\/index.php\/wp-json\/wp\/v2\/pages\/200\/revisions"}],"predecessor-version":[{"id":414,"href":"https:\/\/pincelitos.co\/index.php\/wp-json\/wp\/v2\/pages\/200\/revisions\/414"}],"wp:attachment":[{"href":"https:\/\/pincelitos.co\/index.php\/wp-json\/wp\/v2\/media?parent=200"}],"curies":[{"name":"wp","href":"https:\/\/api.w.org\/{rel}","templated":true}]}}