{"id":197,"date":"2023-02-01T18:45:34","date_gmt":"2023-02-01T18:45:34","guid":{"rendered":"https:\/\/pincelitos.co\/?page_id=197"},"modified":"2023-02-02T19:05:49","modified_gmt":"2023-02-02T19:05:49","slug":"geniecitos","status":"publish","type":"page","link":"https:\/\/pincelitos.co\/index.php\/geniecitos\/","title":{"rendered":"Geniecitos"},"content":{"rendered":"\t\t<div data-elementor-type=\"wp-page\" data-elementor-id=\"197\" class=\"elementor elementor-197\">\n\t\t\t\t\t\t<section class=\"elementor-section elementor-top-section elementor-element elementor-element-815bd0c elementor-section-content-middle elementor-section-boxed elementor-section-height-default elementor-section-height-default\" data-id=\"815bd0c\" data-element_type=\"section\">\n\t\t\t\t\t\t<div class=\"elementor-container elementor-column-gap-default\">\n\t\t\t\t\t<div class=\"elementor-column elementor-col-50 elementor-top-column elementor-element elementor-element-4dfbf4b\" data-id=\"4dfbf4b\" data-element_type=\"column\">\n\t\t\t<div class=\"elementor-widget-wrap elementor-element-populated\">\n\t\t\t\t\t\t<div class=\"elementor-element elementor-element-5f2bc90 elementor-widget elementor-widget-image\" data-id=\"5f2bc90\" data-element_type=\"widget\" data-widget_type=\"image.default\">\n\t\t\t\t<div class=\"elementor-widget-container\">\n\t\t\t\t\t\t\t\t\t\t\t\t\t\t\t<img fetchpriority=\"high\" decoding=\"async\" width=\"800\" height=\"800\" src=\"https:\/\/pincelitos.co\/wp-content\/uploads\/2023\/02\/Sin-titulo-1.png\" class=\"attachment-large size-large wp-image-402\" alt=\"\" srcset=\"https:\/\/pincelitos.co\/wp-content\/uploads\/2023\/02\/Sin-titulo-1.png 800w, https:\/\/pincelitos.co\/wp-content\/uploads\/2023\/02\/Sin-titulo-1-300x300.png 300w, https:\/\/pincelitos.co\/wp-content\/uploads\/2023\/02\/Sin-titulo-1-150x150.png 150w, https:\/\/pincelitos.co\/wp-content\/uploads\/2023\/02\/Sin-titulo-1-768x768.png 768w\" sizes=\"(max-width: 800px) 100vw, 800px\" \/>\t\t\t\t\t\t\t\t\t\t\t\t\t\t\t<\/div>\n\t\t\t\t<\/div>\n\t\t\t\t\t<\/div>\n\t\t<\/div>\n\t\t\t\t<div class=\"elementor-column elementor-col-50 elementor-top-column elementor-element elementor-element-9cf22d8\" data-id=\"9cf22d8\" data-element_type=\"column\">\n\t\t\t<div class=\"elementor-widget-wrap elementor-element-populated\">\n\t\t\t\t\t\t<div class=\"elementor-element elementor-element-c822f59 elementor-widget elementor-widget-heading\" data-id=\"c822f59\" data-element_type=\"widget\" data-widget_type=\"heading.default\">\n\t\t\t\t<div class=\"elementor-widget-container\">\n\t\t\t\t\t<h2 class=\"elementor-heading-title elementor-size-default\">Geniecitos<\/h2>\t\t\t\t<\/div>\n\t\t\t\t<\/div>\n\t\t\t\t<div class=\"elementor-element elementor-element-9785911 elementor-widget elementor-widget-text-editor\" data-id=\"9785911\" data-element_type=\"widget\" data-widget_type=\"text-editor.default\">\n\t\t\t\t<div class=\"elementor-widget-container\">\n\t\t\t\t\t\t\t\t\t<p>En este nivel, los ni\u00f1os ya tendr\u00e1n un lenguaje m\u00e1s desarrollado, con habilidades sociales que les permite comunicarse, socializar y compartir con sus pares.<\/p><p>El arte juega un papel fundamental en el aprendizaje de los ni\u00f1os, por medio de la pintura, el dibujo, las manualidades, la expresi\u00f3n corporal y las danzas, desarrollar habilidades cognitivas, y de pensamiento l\u00f3gico propias de los ni\u00f1os de este nivel.<\/p><p><span style=\"color: var( --e-global-color-text ); font-size: 1rem;\">Este nivel tiene por nombre GENIECITOS, son peque\u00f1os genios.<\/span><\/p>\t\t\t\t\t\t\t\t<\/div>\n\t\t\t\t<\/div>\n\t\t\t\t\t<\/div>\n\t\t<\/div>\n\t\t\t\t\t<\/div>\n\t\t<\/section>\n\t\t\t\t<section class=\"elementor-section elementor-top-section elementor-element elementor-element-7490a56 elementor-section-boxed elementor-section-height-default elementor-section-height-default\" data-id=\"7490a56\" data-element_type=\"section\" data-settings=\"{&quot;background_background&quot;:&quot;classic&quot;}\">\n\t\t\t\t\t\t<div class=\"elementor-container elementor-column-gap-default\">\n\t\t\t\t\t<div class=\"elementor-column elementor-col-100 elementor-top-column elementor-element elementor-element-dc7365f\" data-id=\"dc7365f\" data-element_type=\"column\">\n\t\t\t<div class=\"elementor-widget-wrap elementor-element-populated\">\n\t\t\t\t\t\t<div class=\"elementor-element elementor-element-8c64f84 elementor-widget elementor-widget-text-editor\" data-id=\"8c64f84\" data-element_type=\"widget\" data-widget_type=\"text-editor.default\">\n\t\t\t\t<div class=\"elementor-widget-container\">\n\t\t\t\t\t\t\t\t\t<p>Este nivel tiene por nombre GENIECITOS, son peque\u00f1os genios.<\/p>\t\t\t\t\t\t\t\t<\/div>\n\t\t\t\t<\/div>\n\t\t\t\t\t<\/div>\n\t\t<\/div>\n\t\t\t\t\t<\/div>\n\t\t<\/section>\n\t\t\t\t<\/div>\n\t\t","protected":false},"excerpt":{"rendered":"<p>Geniecitos En este nivel, los ni\u00f1os ya tendr\u00e1n un lenguaje m\u00e1s desarrollado, con habilidades sociales que les permite comunicarse, socializar y compartir con sus pares. El arte juega un papel fundamental en el aprendizaje de los ni\u00f1os, por medio de la pintura, el dibujo, las manualidades, la expresi\u00f3n corporal y las danzas, desarrollar habilidades cognitivas, [&hellip;]<\/p>\n","protected":false},"author":1,"featured_media":0,"parent":0,"menu_order":0,"comment_status":"closed","ping_status":"closed","template":"elementor_header_footer","meta":{"footnotes":""},"class_list":["post-197","page","type-page","status-publish","hentry"],"_links":{"self":[{"href":"https:\/\/pincelitos.co\/index.php\/wp-json\/wp\/v2\/pages\/197","targetHints":{"allow":["GET"]}}],"collection":[{"href":"https:\/\/pincelitos.co\/index.php\/wp-json\/wp\/v2\/pages"}],"about":[{"href":"https:\/\/pincelitos.co\/index.php\/wp-json\/wp\/v2\/types\/page"}],"author":[{"embeddable":true,"href":"https:\/\/pincelitos.co\/index.php\/wp-json\/wp\/v2\/users\/1"}],"replies":[{"embeddable":true,"href":"https:\/\/pincelitos.co\/index.php\/wp-json\/wp\/v2\/comments?post=197"}],"version-history":[{"count":19,"href":"https:\/\/pincelitos.co\/index.php\/wp-json\/wp\/v2\/pages\/197\/revisions"}],"predecessor-version":[{"id":405,"href":"https:\/\/pincelitos.co\/index.php\/wp-json\/wp\/v2\/pages\/197\/revisions\/405"}],"wp:attachment":[{"href":"https:\/\/pincelitos.co\/index.php\/wp-json\/wp\/v2\/media?parent=197"}],"curies":[{"name":"wp","href":"https:\/\/api.w.org\/{rel}","templated":true}]}}