{"id":190,"date":"2023-02-01T18:40:26","date_gmt":"2023-02-01T18:40:26","guid":{"rendered":"https:\/\/pincelitos.co\/?page_id=190"},"modified":"2023-02-02T19:07:59","modified_gmt":"2023-02-02T19:07:59","slug":"semillitas","status":"publish","type":"page","link":"https:\/\/pincelitos.co\/index.php\/semillitas\/","title":{"rendered":"Semillitas"},"content":{"rendered":"\t\t<div data-elementor-type=\"wp-page\" data-elementor-id=\"190\" class=\"elementor elementor-190\">\n\t\t\t\t\t\t<section class=\"elementor-section elementor-top-section elementor-element elementor-element-815bd0c elementor-section-content-middle elementor-section-boxed elementor-section-height-default elementor-section-height-default\" data-id=\"815bd0c\" data-element_type=\"section\">\n\t\t\t\t\t\t<div class=\"elementor-container elementor-column-gap-default\">\n\t\t\t\t\t<div class=\"elementor-column elementor-col-50 elementor-top-column elementor-element elementor-element-4dfbf4b\" data-id=\"4dfbf4b\" data-element_type=\"column\">\n\t\t\t<div class=\"elementor-widget-wrap elementor-element-populated\">\n\t\t\t\t\t\t<div class=\"elementor-element elementor-element-5f2bc90 elementor-widget elementor-widget-image\" data-id=\"5f2bc90\" data-element_type=\"widget\" data-widget_type=\"image.default\">\n\t\t\t\t<div class=\"elementor-widget-container\">\n\t\t\t\t\t\t\t\t\t\t\t\t\t\t\t<img fetchpriority=\"high\" decoding=\"async\" width=\"800\" height=\"800\" src=\"https:\/\/pincelitos.co\/wp-content\/uploads\/2023\/02\/Semillas.png\" class=\"attachment-large size-large wp-image-406\" alt=\"\" srcset=\"https:\/\/pincelitos.co\/wp-content\/uploads\/2023\/02\/Semillas.png 800w, https:\/\/pincelitos.co\/wp-content\/uploads\/2023\/02\/Semillas-300x300.png 300w, https:\/\/pincelitos.co\/wp-content\/uploads\/2023\/02\/Semillas-150x150.png 150w, https:\/\/pincelitos.co\/wp-content\/uploads\/2023\/02\/Semillas-768x768.png 768w\" sizes=\"(max-width: 800px) 100vw, 800px\" \/>\t\t\t\t\t\t\t\t\t\t\t\t\t\t\t<\/div>\n\t\t\t\t<\/div>\n\t\t\t\t\t<\/div>\n\t\t<\/div>\n\t\t\t\t<div class=\"elementor-column elementor-col-50 elementor-top-column elementor-element elementor-element-9cf22d8\" data-id=\"9cf22d8\" data-element_type=\"column\">\n\t\t\t<div class=\"elementor-widget-wrap elementor-element-populated\">\n\t\t\t\t\t\t<div class=\"elementor-element elementor-element-be5ef6a elementor-widget elementor-widget-heading\" data-id=\"be5ef6a\" data-element_type=\"widget\" data-widget_type=\"heading.default\">\n\t\t\t\t<div class=\"elementor-widget-container\">\n\t\t\t\t\t<h2 class=\"elementor-heading-title elementor-size-default\">Semillas<\/h2>\t\t\t\t<\/div>\n\t\t\t\t<\/div>\n\t\t\t\t<div class=\"elementor-element elementor-element-9785911 elementor-widget elementor-widget-text-editor\" data-id=\"9785911\" data-element_type=\"widget\" data-widget_type=\"text-editor.default\">\n\t\t\t\t<div class=\"elementor-widget-container\">\n\t\t\t\t\t\t\t\t\t<p>En este primer ciclo los ni\u00f1os y ni\u00f1as dan inicio a la Educaci\u00f3n para la Primera Infancia, proceso que est\u00e1 dirigido y supervisado principalmente por la Secretaria Distrital de Integraci\u00f3n Social, SDIS. El Jard\u00edn realizar\u00e1 un acompa\u00f1amiento con el fin de fortalecer sus procesos de lenguaje, cognitivos y motricidad, todo ello a trav\u00e9s de estrategias pedag\u00f3gicas acordes a su edad.<\/p><p>Se orienta el proceso de control de esf\u00ednteres para dar acceso al manejo del ba\u00f1o de forma aut\u00f3noma.<\/p><p>\u00a0<\/p><p>Desarrollar en ellos habilidades sociales que les permita compartir espacios, juguetes y otros elementos entre ellos.<\/p><p>\u00a0<\/p><p>Dar espacio a la diversi\u00f3n y la felicidad dentro de las instalaciones del Jard\u00edn, ofrecemos espacios adecuados, seguros y adaptados a sus necesidades.<\/p><p><span style=\"color: var( --e-global-color-text ); font-size: 1rem;\">Contamos con Talento humano capacitado y formado para atender y proveer las necesidades de los ni\u00f1os y ni\u00f1as.<\/span><\/p><p>\u00a0<\/p>\t\t\t\t\t\t\t\t<\/div>\n\t\t\t\t<\/div>\n\t\t\t\t\t<\/div>\n\t\t<\/div>\n\t\t\t\t\t<\/div>\n\t\t<\/section>\n\t\t\t\t<section class=\"elementor-section elementor-top-section elementor-element elementor-element-053a96f elementor-section-boxed elementor-section-height-default elementor-section-height-default\" data-id=\"053a96f\" data-element_type=\"section\" data-settings=\"{&quot;background_background&quot;:&quot;classic&quot;}\">\n\t\t\t\t\t\t<div class=\"elementor-container elementor-column-gap-default\">\n\t\t\t\t\t<div class=\"elementor-column elementor-col-100 elementor-top-column elementor-element elementor-element-f566811\" data-id=\"f566811\" data-element_type=\"column\">\n\t\t\t<div class=\"elementor-widget-wrap elementor-element-populated\">\n\t\t\t\t\t\t<div class=\"elementor-element elementor-element-1f8a61d elementor-widget elementor-widget-text-editor\" data-id=\"1f8a61d\" data-element_type=\"widget\" data-widget_type=\"text-editor.default\">\n\t\t\t\t<div class=\"elementor-widget-container\">\n\t\t\t\t\t\t\t\t\t<p>Este nivel tiene por nombre SEMILLITAS ya que son los mas peque\u00f1os que poco a poco dar\u00e1n frutos.<\/p>\t\t\t\t\t\t\t\t<\/div>\n\t\t\t\t<\/div>\n\t\t\t\t\t<\/div>\n\t\t<\/div>\n\t\t\t\t\t<\/div>\n\t\t<\/section>\n\t\t\t\t<\/div>\n\t\t","protected":false},"excerpt":{"rendered":"<p>Semillas En este primer ciclo los ni\u00f1os y ni\u00f1as dan inicio a la Educaci\u00f3n para la Primera Infancia, proceso que est\u00e1 dirigido y supervisado principalmente por la Secretaria Distrital de Integraci\u00f3n Social, SDIS. El Jard\u00edn realizar\u00e1 un acompa\u00f1amiento con el fin de fortalecer sus procesos de lenguaje, cognitivos y motricidad, todo ello a trav\u00e9s de [&hellip;]<\/p>\n","protected":false},"author":1,"featured_media":0,"parent":0,"menu_order":0,"comment_status":"closed","ping_status":"closed","template":"elementor_header_footer","meta":{"footnotes":""},"class_list":["post-190","page","type-page","status-publish","hentry"],"_links":{"self":[{"href":"https:\/\/pincelitos.co\/index.php\/wp-json\/wp\/v2\/pages\/190","targetHints":{"allow":["GET"]}}],"collection":[{"href":"https:\/\/pincelitos.co\/index.php\/wp-json\/wp\/v2\/pages"}],"about":[{"href":"https:\/\/pincelitos.co\/index.php\/wp-json\/wp\/v2\/types\/page"}],"author":[{"embeddable":true,"href":"https:\/\/pincelitos.co\/index.php\/wp-json\/wp\/v2\/users\/1"}],"replies":[{"embeddable":true,"href":"https:\/\/pincelitos.co\/index.php\/wp-json\/wp\/v2\/comments?post=190"}],"version-history":[{"count":13,"href":"https:\/\/pincelitos.co\/index.php\/wp-json\/wp\/v2\/pages\/190\/revisions"}],"predecessor-version":[{"id":409,"href":"https:\/\/pincelitos.co\/index.php\/wp-json\/wp\/v2\/pages\/190\/revisions\/409"}],"wp:attachment":[{"href":"https:\/\/pincelitos.co\/index.php\/wp-json\/wp\/v2\/media?parent=190"}],"curies":[{"name":"wp","href":"https:\/\/api.w.org\/{rel}","templated":true}]}}